{"id":1644,"date":"2023-10-23T09:40:47","date_gmt":"2023-10-23T07:40:47","guid":{"rendered":"https:\/\/www.manoir-saint-thomas.com\/?page_id=1644"},"modified":"2023-11-08T16:01:27","modified_gmt":"2023-11-08T15:01:27","slug":"amboise-leisure-activities-to-discover","status":"publish","type":"page","link":"https:\/\/www.manoir-saint-thomas.com\/eng\/tourisme-val-de-loire-tourisme\/les-loisirs-amboise-activites-a-decouvrir\/","title":{"rendered":"Leisure activities"},"content":{"rendered":"\t\t<div data-elementor-type=\"wp-page\" data-elementor-id=\"1644\" class=\"elementor elementor-1644\" data-elementor-post-type=\"page\">\n\t\t\t\t<div class=\"elementor-element elementor-element-62652b04 e-con-full e-flex e-con e-parent\" data-id=\"62652b04\" data-element_type=\"container\" data-e-type=\"container\" data-settings=\"{&quot;background_background&quot;:&quot;classic&quot;}\">\n\t\t\t\t<div class=\"elementor-element elementor-element-4d8efe54 elementor-widget elementor-widget-heading\" data-id=\"4d8efe54\" data-element_type=\"widget\" data-e-type=\"widget\" data-widget_type=\"heading.default\">\n\t\t\t\t<div class=\"elementor-widget-container\">\n\t\t\t\t\t<h1 class=\"elementor-heading-title elementor-size-default\">Les Loisirs<\/h1>\t\t\t\t<\/div>\n\t\t\t\t<\/div>\n\t\t\t\t<div class=\"elementor-element elementor-element-f2e94a1 elementor-hidden-tablet elementor-hidden-mobile elementor-widget elementor-widget-image\" data-id=\"f2e94a1\" data-element_type=\"widget\" data-e-type=\"widget\" data-widget_type=\"image.default\">\n\t\t\t\t<div class=\"elementor-widget-container\">\n\t\t\t\t\t\t\t\t\t\t\t\t\t\t\t\t<a href=\"#les_loisirs-top\">\n\t\t\t\t\t\t\t<img decoding=\"async\" src=\"https:\/\/www.manoir-saint-thomas.com\/wp-content\/uploads\/2023\/10\/Fleche-down.svg\" title=\"\" alt=\"\" loading=\"lazy\">\t\t\t\t\t\t\t\t<\/a>\n\t\t\t\t\t\t\t\t\t\t\t\t\t\t\t<\/div>\n\t\t\t\t<\/div>\n\t\t\t\t<\/div>\n\t\t<div class=\"elementor-element elementor-element-7279143 e-flex e-con-boxed e-con e-parent\" data-id=\"7279143\" data-element_type=\"container\" data-e-type=\"container\">\n\t\t\t\t\t<div class=\"e-con-inner\">\n\t\t\t\t<div class=\"elementor-element elementor-element-0477cbc elementor-widget elementor-widget-menu-anchor\" data-id=\"0477cbc\" data-element_type=\"widget\" data-e-type=\"widget\" data-widget_type=\"menu-anchor.default\">\n\t\t\t\t<div class=\"elementor-widget-container\">\n\t\t\t\t\t\t\t<div class=\"elementor-menu-anchor\" id=\"les_loisirs-top\"><\/div>\n\t\t\t\t\t\t<\/div>\n\t\t\t\t<\/div>\n\t\t\t\t\t<\/div>\n\t\t\t\t<\/div>\n\t\t<div class=\"elementor-element elementor-element-1c575a03 hidden-bloc e-flex e-con-boxed e-con e-parent\" data-id=\"1c575a03\" data-element_type=\"container\" data-e-type=\"container\" data-settings=\"{&quot;background_background&quot;:&quot;classic&quot;}\">\n\t\t\t\t\t<div class=\"e-con-inner\">\n\t\t\t\t<div class=\"elementor-element elementor-element-15c27b6c e-transform elementor-widget elementor-widget-image\" data-id=\"15c27b6c\" data-element_type=\"widget\" data-e-type=\"widget\" data-settings=\"{&quot;_transform_translateX_effect&quot;:{&quot;unit&quot;:&quot;%&quot;,&quot;size&quot;:&quot;&quot;,&quot;sizes&quot;:[]},&quot;_transform_translateX_effect_tablet&quot;:{&quot;unit&quot;:&quot;%&quot;,&quot;size&quot;:&quot;&quot;,&quot;sizes&quot;:[]},&quot;_transform_translateX_effect_mobile&quot;:{&quot;unit&quot;:&quot;%&quot;,&quot;size&quot;:&quot;&quot;,&quot;sizes&quot;:[]},&quot;_transform_translateY_effect&quot;:{&quot;unit&quot;:&quot;%&quot;,&quot;size&quot;:-50,&quot;sizes&quot;:[]},&quot;_transform_translateY_effect_tablet&quot;:{&quot;unit&quot;:&quot;%&quot;,&quot;size&quot;:&quot;&quot;,&quot;sizes&quot;:[]},&quot;_transform_translateY_effect_mobile&quot;:{&quot;unit&quot;:&quot;%&quot;,&quot;size&quot;:&quot;&quot;,&quot;sizes&quot;:[]}}\" data-widget_type=\"image.default\">\n\t\t\t\t<div class=\"elementor-widget-container\">\n\t\t\t\t\t\t\t\t\t\t\t\t\t\t\t<img decoding=\"async\" width=\"222\" height=\"222\" src=\"https:\/\/www.manoir-saint-thomas.com\/wp-content\/uploads\/2023\/09\/Groupe-572.svg\" class=\"attachment-full size-full wp-image-181\" alt=\"\" title=\"\">\t\t\t\t\t\t\t\t\t\t\t\t\t\t\t<\/div>\n\t\t\t\t<\/div>\n\t\t<div class=\"elementor-element elementor-element-3c2d9b19 e-con-full tourisme2_parent-content e-flex e-con e-child\" data-id=\"3c2d9b19\" data-element_type=\"container\" data-e-type=\"container\">\n\t\t<div class=\"elementor-element elementor-element-637c6737 e-con-full bloc-img e-flex e-con e-child\" data-id=\"637c6737\" data-element_type=\"container\" data-e-type=\"container\" data-settings=\"{&quot;background_background&quot;:&quot;classic&quot;}\">\n\t\t<div class=\"elementor-element elementor-element-4de428 e-con-full border-bloc e-flex e-con e-child\" data-id=\"4de428\" data-element_type=\"container\" data-e-type=\"container\">\n\t\t\t\t<\/div>\n\t\t\t\t<\/div>\n\t\t<div class=\"elementor-element elementor-element-2d12eb43 e-con-full bloc-content e-flex e-con e-child\" data-id=\"2d12eb43\" data-element_type=\"container\" data-e-type=\"container\" data-settings=\"{&quot;background_background&quot;:&quot;classic&quot;}\">\n\t\t\t\t<div class=\"elementor-element elementor-element-39460635 elementor-widget__width-inherit elementor-widget elementor-widget-heading\" data-id=\"39460635\" data-element_type=\"widget\" data-e-type=\"widget\" data-widget_type=\"heading.default\">\n\t\t\t\t<div class=\"elementor-widget-container\">\n\t\t\t\t\t<h2 class=\"elementor-heading-title elementor-size-default\">Les Loisirs <br>en Val de Loire<\/h2>\t\t\t\t<\/div>\n\t\t\t\t<\/div>\n\t\t\t\t<div class=\"elementor-element elementor-element-16737cb9 elementor-widget__width-initial elementor-widget-divider--view-line elementor-widget elementor-widget-divider\" data-id=\"16737cb9\" data-element_type=\"widget\" data-e-type=\"widget\" data-widget_type=\"divider.default\">\n\t\t\t\t<div class=\"elementor-widget-container\">\n\t\t\t\t\t\t\t<div class=\"elementor-divider\">\n\t\t\t<span class=\"elementor-divider-separator\">\n\t\t\t\t\t\t<\/span>\n\t\t<\/div>\n\t\t\t\t\t\t<\/div>\n\t\t\t\t<\/div>\n\t\t\t\t<div class=\"elementor-element elementor-element-2158cfe9 elementor-widget__width-initial elementor-widget elementor-widget-text-editor\" data-id=\"2158cfe9\" data-element_type=\"widget\" data-e-type=\"widget\" data-widget_type=\"text-editor.default\">\n\t\t\t\t<div class=\"elementor-widget-container\">\n\t\t\t\t\t\t\t\t\t<p>Destination privil\u00e9gi\u00e9e pour des activit\u00e9s de loisirs \u00e0 deux, en famille ou entre amis, la Touraine est un magnifique terrain de jeux o\u00f9 l\u2019on ne s\u2019ennuie pas une seconde ! Au programme : la d\u00e9couverte des sites troglodytes, l\u2019itin\u00e9raire de la Loire \u00e0 v\u00e9lo, les parcs animaliers comme le Zoo-Parc de Beauval, le parc des mini-ch\u00e2teaux sur les hauteurs d\u2019Amboise (ch\u00e2teaux du Val de Loire \u00e0 l\u2019\u00e9chelle 1\/25e), le grand aquarium de Touraine\u2026 sans oublier toutes les activit\u00e9s qu\u2019elles soient terrestres, nautiques ou a\u00e9riennes.<\/p><p>\u00a0<\/p><p>Notre h\u00f4tel avec piscine en Touraine est un excellent refuge pour se d\u00e9tendre apr\u00e8s une journ\u00e9e bien remplie, \u00e0 d\u00e9couvrir toutes les activit\u00e9s possibles \u00e0 Amboise.<\/p>\t\t\t\t\t\t\t\t<\/div>\n\t\t\t\t<\/div>\n\t\t\t\t<\/div>\n\t\t\t\t<\/div>\n\t\t<div class=\"elementor-element elementor-element-1244789e e-con-full tourisme2_parent-content e-flex e-con e-child\" data-id=\"1244789e\" data-element_type=\"container\" data-e-type=\"container\">\n\t\t<div class=\"elementor-element elementor-element-3427d204 e-con-full bloc-img2 e-flex e-con e-child\" data-id=\"3427d204\" data-element_type=\"container\" data-e-type=\"container\" data-settings=\"{&quot;background_background&quot;:&quot;classic&quot;}\">\n\t\t<div class=\"elementor-element elementor-element-7317a9ab e-con-full border-bloc e-flex e-con e-child\" data-id=\"7317a9ab\" data-element_type=\"container\" data-e-type=\"container\">\n\t\t\t\t<\/div>\n\t\t\t\t<\/div>\n\t\t<div class=\"elementor-element elementor-element-63a1b772 e-con-full e-flex e-con e-child\" data-id=\"63a1b772\" data-element_type=\"container\" data-e-type=\"container\" data-settings=\"{&quot;background_background&quot;:&quot;classic&quot;}\">\n\t\t\t\t<div class=\"elementor-element elementor-element-21141839 elementor-widget__width-initial elementor-widget elementor-widget-heading\" data-id=\"21141839\" data-element_type=\"widget\" data-e-type=\"widget\" data-widget_type=\"heading.default\">\n\t\t\t\t<div class=\"elementor-widget-container\">\n\t\t\t\t\t<h2 class=\"elementor-heading-title elementor-size-default\">Les Sites Troglodytiques<\/h2>\t\t\t\t<\/div>\n\t\t\t\t<\/div>\n\t\t\t\t<div class=\"elementor-element elementor-element-4fc56b5b elementor-widget__width-initial elementor-widget-divider--view-line elementor-widget elementor-widget-divider\" data-id=\"4fc56b5b\" data-element_type=\"widget\" data-e-type=\"widget\" data-widget_type=\"divider.default\">\n\t\t\t\t<div class=\"elementor-widget-container\">\n\t\t\t\t\t\t\t<div class=\"elementor-divider\">\n\t\t\t<span class=\"elementor-divider-separator\">\n\t\t\t\t\t\t<\/span>\n\t\t<\/div>\n\t\t\t\t\t\t<\/div>\n\t\t\t\t<\/div>\n\t\t\t\t<div class=\"elementor-element elementor-element-5bd605f8 elementor-widget__width-initial elementor-widget elementor-widget-text-editor\" data-id=\"5bd605f8\" data-element_type=\"widget\" data-e-type=\"widget\" data-widget_type=\"text-editor.default\">\n\t\t\t\t<div class=\"elementor-widget-container\">\n\t\t\t\t\t\t\t\t\t<p>Incontournables dans le Val d\u2019Amboise, les sites troglodytiques pr\u00e9sentent une vraie originalit\u00e9. La Vall\u00e9e Troglodytique des Goupilli\u00e8res \u00e0 Azay-le-Rideau (37) vous invite \u00e0 d\u00e9couvrir, dans un cadre exceptionnel de 2 hectares, la vie paysanne et la richesse du patrimoine rurale de la Touraine.<\/p><p><br \/>Le site troglodytique de la Magnanerie, la ville souterraine et la cave champignonni\u00e8re de Bourr\u00e9 (41) vous permettent de visiter une ancienne carri\u00e8re d\u2019extraction de tuffeau, une magnanerie du 17e si\u00e8cle, une ville souterraine (1500 m\u00b2 de fa\u00e7ades sculpt\u00e9es dans la masse), une cave o\u00f9 l\u2019on cultive les champignons dans leur environnement naturel.<\/p>\t\t\t\t\t\t\t\t<\/div>\n\t\t\t\t<\/div>\n\t\t\t\t<\/div>\n\t\t\t\t<\/div>\n\t\t<div class=\"elementor-element elementor-element-f35c4f6 e-con-full tourisme2_parent-content e-flex e-con e-child\" data-id=\"f35c4f6\" data-element_type=\"container\" data-e-type=\"container\">\n\t\t<div class=\"elementor-element elementor-element-21edb3cc e-con-full bloc-img2 e-flex e-con e-child\" data-id=\"21edb3cc\" data-element_type=\"container\" data-e-type=\"container\" data-settings=\"{&quot;background_background&quot;:&quot;classic&quot;}\">\n\t\t<div class=\"elementor-element elementor-element-79a5d055 e-con-full border-bloc e-flex e-con e-child\" data-id=\"79a5d055\" data-element_type=\"container\" data-e-type=\"container\">\n\t\t\t\t<\/div>\n\t\t\t\t<\/div>\n\t\t<div class=\"elementor-element elementor-element-61367deb e-con-full e-flex e-con e-child\" data-id=\"61367deb\" data-element_type=\"container\" data-e-type=\"container\" data-settings=\"{&quot;background_background&quot;:&quot;classic&quot;}\">\n\t\t\t\t<div class=\"elementor-element elementor-element-5e20ca7e elementor-widget__width-initial elementor-widget elementor-widget-heading\" data-id=\"5e20ca7e\" data-element_type=\"widget\" data-e-type=\"widget\" data-widget_type=\"heading.default\">\n\t\t\t\t<div class=\"elementor-widget-container\">\n\t\t\t\t\t<h2 class=\"elementor-heading-title elementor-size-default\">Le Zoo de Beauval <br>et le Grand Aquarium de Touraine<\/h2>\t\t\t\t<\/div>\n\t\t\t\t<\/div>\n\t\t\t\t<div class=\"elementor-element elementor-element-68100a33 elementor-widget__width-initial elementor-widget-divider--view-line elementor-widget elementor-widget-divider\" data-id=\"68100a33\" data-element_type=\"widget\" data-e-type=\"widget\" data-widget_type=\"divider.default\">\n\t\t\t\t<div class=\"elementor-widget-container\">\n\t\t\t\t\t\t\t<div class=\"elementor-divider\">\n\t\t\t<span class=\"elementor-divider-separator\">\n\t\t\t\t\t\t<\/span>\n\t\t<\/div>\n\t\t\t\t\t\t<\/div>\n\t\t\t\t<\/div>\n\t\t\t\t<div class=\"elementor-element elementor-element-15625c6 elementor-widget__width-initial elementor-widget elementor-widget-text-editor\" data-id=\"15625c6\" data-element_type=\"widget\" data-e-type=\"widget\" data-widget_type=\"text-editor.default\">\n\t\t\t\t<div class=\"elementor-widget-container\">\n\t\t\t\t\t\t\t\t\t<p>Class\u00e9 num\u00e9ro 1 des Zoos de France et faisant partie des plus beaux parcs zoologiques du monde, le Zoo Parc de Beauval abrite pr\u00e8s de 6000 animaux parmi lesquels deux pandas g\u00e9ants, uniques en France.<\/p><p>\u00a0<\/p><p>Il se situe \u00e0 Saint-Aignan-sur-Cher \u00e0 40 minutes du Manoir Saint Thomas. Le Grand Aquarium de Touraine, \u00e0 5 minutes d\u2019Amboise, pr\u00e9sente 10 salles th\u00e9matiques aux d\u00e9cors originaux o\u00f9 vous pourrez admirer poissons vivant en eaux douces et dans les oc\u00e9ans. Parcours avec tunnel aux requins, eaux douces tropicales, bassin tactile\u2026<\/p>\t\t\t\t\t\t\t\t<\/div>\n\t\t\t\t<\/div>\n\t\t\t\t<\/div>\n\t\t\t\t<\/div>\n\t\t<div class=\"elementor-element elementor-element-1764b61 e-con-full tourisme2_parent-content e-flex e-con e-child\" data-id=\"1764b61\" data-element_type=\"container\" data-e-type=\"container\">\n\t\t<div class=\"elementor-element elementor-element-90585b6 e-con-full bloc-img2 e-flex e-con e-child\" data-id=\"90585b6\" data-element_type=\"container\" data-e-type=\"container\" data-settings=\"{&quot;background_background&quot;:&quot;classic&quot;}\">\n\t\t<div class=\"elementor-element elementor-element-e95766d e-con-full border-bloc e-flex e-con e-child\" data-id=\"e95766d\" data-element_type=\"container\" data-e-type=\"container\">\n\t\t\t\t<\/div>\n\t\t\t\t<\/div>\n\t\t<div class=\"elementor-element elementor-element-ee4a332 e-con-full e-flex e-con e-child\" data-id=\"ee4a332\" data-element_type=\"container\" data-e-type=\"container\" data-settings=\"{&quot;background_background&quot;:&quot;classic&quot;}\">\n\t\t\t\t<div class=\"elementor-element elementor-element-e175fbc elementor-widget__width-initial elementor-widget elementor-widget-heading\" data-id=\"e175fbc\" data-element_type=\"widget\" data-e-type=\"widget\" data-widget_type=\"heading.default\">\n\t\t\t\t<div class=\"elementor-widget-container\">\n\t\t\t\t\t<h2 class=\"elementor-heading-title elementor-size-default\">La Loire \u00e0 V\u00e9lo<\/h2>\t\t\t\t<\/div>\n\t\t\t\t<\/div>\n\t\t\t\t<div class=\"elementor-element elementor-element-79ebbee elementor-widget__width-initial elementor-widget-divider--view-line elementor-widget elementor-widget-divider\" data-id=\"79ebbee\" data-element_type=\"widget\" data-e-type=\"widget\" data-widget_type=\"divider.default\">\n\t\t\t\t<div class=\"elementor-widget-container\">\n\t\t\t\t\t\t\t<div class=\"elementor-divider\">\n\t\t\t<span class=\"elementor-divider-separator\">\n\t\t\t\t\t\t<\/span>\n\t\t<\/div>\n\t\t\t\t\t\t<\/div>\n\t\t\t\t<\/div>\n\t\t\t\t<div class=\"elementor-element elementor-element-df44be8 elementor-widget__width-initial elementor-widget elementor-widget-text-editor\" data-id=\"df44be8\" data-element_type=\"widget\" data-e-type=\"widget\" data-widget_type=\"text-editor.default\">\n\t\t\t\t<div class=\"elementor-widget-container\">\n\t\t\t\t\t\t\t\t\t<p>Profitez de l\u2019itin\u00e9raire de la Loire \u00e0 v\u00e9lo pour d\u00e9couvrir la Touraine d\u2019une mani\u00e8re encore plus bucolique ! Des remparts du Ch\u00e2teau Royal d\u2019Amboise jusqu\u2019aux ruelles du charmant village de Candes-Saint-Martin, vous ferez un voyage unique ouvrant sur un patrimoine exceptionnel.<\/p><p>\u00a0<\/p><p>Sur un peu plus de 200 km, vous pourrez admirer les ch\u00e2teaux de la Loire comme Amboise, Villandry, Azay-le-Rideau, Langeais, Chinon\u2026 et traverser vignobles et villages pittoresques. Le Val de Loire peut se d\u00e9couvrir de 1001 fa\u00e7ons, vous retrouverez ensuite votre confortable h\u00f4tel de luxe le Manoir Saint Thomas \u00e0 Amboise.<\/p>\t\t\t\t\t\t\t\t<\/div>\n\t\t\t\t<\/div>\n\t\t\t\t<\/div>\n\t\t\t\t<\/div>\n\t\t\t\t\t<\/div>\n\t\t\t\t<\/div>\n\t\t<div class=\"elementor-element elementor-element-676be818 e-con-full e-flex e-con e-parent\" data-id=\"676be818\" data-element_type=\"container\" data-e-type=\"container\" data-settings=\"{&quot;sticky&quot;:&quot;bottom&quot;,&quot;sticky_on&quot;:[&quot;desktop&quot;],&quot;sticky_offset&quot;:40,&quot;sticky_effects_offset&quot;:0,&quot;sticky_anchor_link_offset&quot;:0}\">\n\t\t\t\t<div class=\"elementor-element elementor-element-571afc1d elementor-align-left elementor-widget__width-initial elementor-widget elementor-widget-button\" data-id=\"571afc1d\" data-element_type=\"widget\" data-e-type=\"widget\" data-widget_type=\"button.default\">\n\t\t\t\t<div class=\"elementor-widget-container\">\n\t\t\t\t\t\t\t\t\t<div class=\"elementor-button-wrapper\">\n\t\t\t\t\t<a class=\"elementor-button elementor-button-link elementor-size-sm\" href=\"https:\/\/www.manoir-saint-thomas.com\/eng\/tourisme-val-de-loire-tourisme\/le-terroir-tourisme-amboise\/\">\n\t\t\t\t\t\t<span class=\"elementor-button-content-wrapper\">\n\t\t\t\t\t\t<span class=\"elementor-button-icon\">\n\t\t\t\t<i aria-hidden=\"true\" class=\"fas fa-chevron-left\"><\/i>\t\t\t<\/span>\n\t\t\t\t\t\t\t\t\t<span class=\"elementor-button-text\">Terroir<\/span>\n\t\t\t\t\t<\/span>\n\t\t\t\t\t<\/a>\n\t\t\t\t<\/div>\n\t\t\t\t\t\t\t\t<\/div>\n\t\t\t\t<\/div>\n\t\t\t\t<div class=\"elementor-element elementor-element-1a69888c elementor-align-right elementor-widget__width-initial elementor-widget elementor-widget-button\" data-id=\"1a69888c\" data-element_type=\"widget\" data-e-type=\"widget\" data-widget_type=\"button.default\">\n\t\t\t\t<div class=\"elementor-widget-container\">\n\t\t\t\t\t\t\t\t\t<div class=\"elementor-button-wrapper\">\n\t\t\t\t\t<a class=\"elementor-button elementor-button-link elementor-size-sm\" href=\"https:\/\/www.manoir-saint-thomas.com\/eng\/tourisme-val-de-loire-tourisme\/amboise-visiter-amboise\/\">\n\t\t\t\t\t\t<span class=\"elementor-button-content-wrapper\">\n\t\t\t\t\t\t<span class=\"elementor-button-icon\">\n\t\t\t\t<i aria-hidden=\"true\" class=\"fas fa-chevron-right\"><\/i>\t\t\t<\/span>\n\t\t\t\t\t\t\t\t\t<span class=\"elementor-button-text\">Amboise<\/span>\n\t\t\t\t\t<\/span>\n\t\t\t\t\t<\/a>\n\t\t\t\t<\/div>\n\t\t\t\t\t\t\t\t<\/div>\n\t\t\t\t<\/div>\n\t\t\t\t<\/div>\n\t\t\t\t<\/div>\n\t\t","protected":false},"excerpt":{"rendered":"<p>Les Loisirs Les Loisirs en Val de Loire Destination privil\u00e9gi\u00e9e pour des activit\u00e9s de loisirs \u00e0 deux, en famille ou entre amis, la Touraine est un magnifique terrain de jeux o\u00f9 l\u2019on ne s\u2019ennuie pas une seconde ! Au programme : la d\u00e9couverte des sites troglodytes, l\u2019itin\u00e9raire de la Loire \u00e0 v\u00e9lo, les parcs animaliers [&hellip;]<\/p>\n","protected":false},"author":13,"featured_media":0,"parent":69,"menu_order":0,"comment_status":"closed","ping_status":"closed","template":"","meta":{"inline_featured_image":false,"footnotes":""},"class_list":["post-1644","page","type-page","status-publish","hentry"],"_links":{"self":[{"href":"https:\/\/www.manoir-saint-thomas.com\/eng\/wp-json\/wp\/v2\/pages\/1644","targetHints":{"allow":["GET"]}}],"collection":[{"href":"https:\/\/www.manoir-saint-thomas.com\/eng\/wp-json\/wp\/v2\/pages"}],"about":[{"href":"https:\/\/www.manoir-saint-thomas.com\/eng\/wp-json\/wp\/v2\/types\/page"}],"author":[{"embeddable":true,"href":"https:\/\/www.manoir-saint-thomas.com\/eng\/wp-json\/wp\/v2\/users\/13"}],"replies":[{"embeddable":true,"href":"https:\/\/www.manoir-saint-thomas.com\/eng\/wp-json\/wp\/v2\/comments?post=1644"}],"version-history":[{"count":43,"href":"https:\/\/www.manoir-saint-thomas.com\/eng\/wp-json\/wp\/v2\/pages\/1644\/revisions"}],"predecessor-version":[{"id":3090,"href":"https:\/\/www.manoir-saint-thomas.com\/eng\/wp-json\/wp\/v2\/pages\/1644\/revisions\/3090"}],"up":[{"embeddable":true,"href":"https:\/\/www.manoir-saint-thomas.com\/eng\/wp-json\/wp\/v2\/pages\/69"}],"wp:attachment":[{"href":"https:\/\/www.manoir-saint-thomas.com\/eng\/wp-json\/wp\/v2\/media?parent=1644"}],"curies":[{"name":"wp","href":"https:\/\/api.w.org\/{rel}","templated":true}]}}