{"id":1642,"date":"2023-10-23T09:40:29","date_gmt":"2023-10-23T07:40:29","guid":{"rendered":"https:\/\/www.manoir-saint-thomas.com\/?page_id=1642"},"modified":"2023-11-08T16:00:20","modified_gmt":"2023-11-08T15:00:20","slug":"the-terroir-tourism-amboise","status":"publish","type":"page","link":"https:\/\/www.manoir-saint-thomas.com\/eng\/tourisme-val-de-loire-tourisme\/le-terroir-tourisme-amboise\/","title":{"rendered":"The terroir"},"content":{"rendered":"\t\t<div data-elementor-type=\"wp-page\" data-elementor-id=\"1642\" class=\"elementor elementor-1642\" data-elementor-post-type=\"page\">\n\t\t\t\t<div class=\"elementor-element elementor-element-76543b93 e-con-full e-flex e-con e-parent\" data-id=\"76543b93\" data-element_type=\"container\" data-e-type=\"container\" data-settings=\"{&quot;background_background&quot;:&quot;classic&quot;}\">\n\t\t\t\t<div class=\"elementor-element elementor-element-5fb0249c elementor-widget elementor-widget-heading\" data-id=\"5fb0249c\" data-element_type=\"widget\" data-e-type=\"widget\" data-widget_type=\"heading.default\">\n\t\t\t\t<div class=\"elementor-widget-container\">\n\t\t\t\t\t<h1 class=\"elementor-heading-title elementor-size-default\">Le Terroir<\/h1>\t\t\t\t<\/div>\n\t\t\t\t<\/div>\n\t\t\t\t<div class=\"elementor-element elementor-element-4f49fd20 elementor-hidden-tablet elementor-hidden-mobile elementor-widget elementor-widget-image\" data-id=\"4f49fd20\" data-element_type=\"widget\" data-e-type=\"widget\" data-widget_type=\"image.default\">\n\t\t\t\t<div class=\"elementor-widget-container\">\n\t\t\t\t\t\t\t\t\t\t\t\t\t\t\t\t<a href=\"#le_terroir-top\">\n\t\t\t\t\t\t\t<img decoding=\"async\" src=\"https:\/\/www.manoir-saint-thomas.com\/wp-content\/uploads\/2023\/10\/Fleche-down.svg\" title=\"\" alt=\"\" loading=\"lazy\">\t\t\t\t\t\t\t\t<\/a>\n\t\t\t\t\t\t\t\t\t\t\t\t\t\t\t<\/div>\n\t\t\t\t<\/div>\n\t\t\t\t<\/div>\n\t\t<div class=\"elementor-element elementor-element-3d8abc8 e-flex e-con-boxed e-con e-parent\" data-id=\"3d8abc8\" data-element_type=\"container\" data-e-type=\"container\">\n\t\t\t\t\t<div class=\"e-con-inner\">\n\t\t\t\t<div class=\"elementor-element elementor-element-f5a9ef9 elementor-widget elementor-widget-menu-anchor\" data-id=\"f5a9ef9\" data-element_type=\"widget\" data-e-type=\"widget\" data-widget_type=\"menu-anchor.default\">\n\t\t\t\t<div class=\"elementor-widget-container\">\n\t\t\t\t\t\t\t<div class=\"elementor-menu-anchor\" id=\"le_terroir-top\"><\/div>\n\t\t\t\t\t\t<\/div>\n\t\t\t\t<\/div>\n\t\t\t\t\t<\/div>\n\t\t\t\t<\/div>\n\t\t<div class=\"elementor-element elementor-element-5151161e hidden-bloc e-flex e-con-boxed e-con e-parent\" data-id=\"5151161e\" data-element_type=\"container\" data-e-type=\"container\" data-settings=\"{&quot;background_background&quot;:&quot;classic&quot;}\">\n\t\t\t\t\t<div class=\"e-con-inner\">\n\t\t\t\t<div class=\"elementor-element elementor-element-10e2dc17 e-transform elementor-widget elementor-widget-image\" data-id=\"10e2dc17\" data-element_type=\"widget\" data-e-type=\"widget\" data-settings=\"{&quot;_transform_translateX_effect&quot;:{&quot;unit&quot;:&quot;%&quot;,&quot;size&quot;:&quot;&quot;,&quot;sizes&quot;:[]},&quot;_transform_translateX_effect_tablet&quot;:{&quot;unit&quot;:&quot;%&quot;,&quot;size&quot;:&quot;&quot;,&quot;sizes&quot;:[]},&quot;_transform_translateX_effect_mobile&quot;:{&quot;unit&quot;:&quot;%&quot;,&quot;size&quot;:&quot;&quot;,&quot;sizes&quot;:[]},&quot;_transform_translateY_effect&quot;:{&quot;unit&quot;:&quot;%&quot;,&quot;size&quot;:-50,&quot;sizes&quot;:[]},&quot;_transform_translateY_effect_tablet&quot;:{&quot;unit&quot;:&quot;%&quot;,&quot;size&quot;:&quot;&quot;,&quot;sizes&quot;:[]},&quot;_transform_translateY_effect_mobile&quot;:{&quot;unit&quot;:&quot;%&quot;,&quot;size&quot;:&quot;&quot;,&quot;sizes&quot;:[]}}\" data-widget_type=\"image.default\">\n\t\t\t\t<div class=\"elementor-widget-container\">\n\t\t\t\t\t\t\t\t\t\t\t\t\t\t\t<img decoding=\"async\" width=\"222\" height=\"222\" src=\"https:\/\/www.manoir-saint-thomas.com\/wp-content\/uploads\/2023\/09\/Groupe-572.svg\" class=\"attachment-full size-full wp-image-181\" alt=\"\" title=\"\">\t\t\t\t\t\t\t\t\t\t\t\t\t\t\t<\/div>\n\t\t\t\t<\/div>\n\t\t<div class=\"elementor-element elementor-element-448ad398 e-con-full tourisme2_parent-content e-flex e-con e-child\" data-id=\"448ad398\" data-element_type=\"container\" data-e-type=\"container\">\n\t\t<div class=\"elementor-element elementor-element-6a0e806e e-con-full bloc-img e-flex e-con e-child\" data-id=\"6a0e806e\" data-element_type=\"container\" data-e-type=\"container\" data-settings=\"{&quot;background_background&quot;:&quot;classic&quot;}\">\n\t\t<div class=\"elementor-element elementor-element-6409c231 e-con-full border-bloc e-flex e-con e-child\" data-id=\"6409c231\" data-element_type=\"container\" data-e-type=\"container\">\n\t\t\t\t<\/div>\n\t\t\t\t<\/div>\n\t\t<div class=\"elementor-element elementor-element-3dc8d36e e-con-full bloc-content e-flex e-con e-child\" data-id=\"3dc8d36e\" data-element_type=\"container\" data-e-type=\"container\" data-settings=\"{&quot;background_background&quot;:&quot;classic&quot;}\">\n\t\t\t\t<div class=\"elementor-element elementor-element-70e646a6 elementor-widget__width-inherit elementor-widget elementor-widget-heading\" data-id=\"70e646a6\" data-element_type=\"widget\" data-e-type=\"widget\" data-widget_type=\"heading.default\">\n\t\t\t\t<div class=\"elementor-widget-container\">\n\t\t\t\t\t<h2 class=\"elementor-heading-title elementor-size-default\">Le go\u00fbt  du terroir<\/h2>\t\t\t\t<\/div>\n\t\t\t\t<\/div>\n\t\t\t\t<div class=\"elementor-element elementor-element-4fe0d113 elementor-widget__width-initial elementor-widget-divider--view-line elementor-widget elementor-widget-divider\" data-id=\"4fe0d113\" data-element_type=\"widget\" data-e-type=\"widget\" data-widget_type=\"divider.default\">\n\t\t\t\t<div class=\"elementor-widget-container\">\n\t\t\t\t\t\t\t<div class=\"elementor-divider\">\n\t\t\t<span class=\"elementor-divider-separator\">\n\t\t\t\t\t\t<\/span>\n\t\t<\/div>\n\t\t\t\t\t\t<\/div>\n\t\t\t\t<\/div>\n\t\t\t\t<div class=\"elementor-element elementor-element-da02046 elementor-widget__width-initial elementor-widget elementor-widget-text-editor\" data-id=\"da02046\" data-element_type=\"widget\" data-e-type=\"widget\" data-widget_type=\"text-editor.default\">\n\t\t\t\t<div class=\"elementor-widget-container\">\n\t\t\t\t\t\t\t\t\t<p>Synonyme d\u2019art de vivre, la Touraine est aussi r\u00e9put\u00e9e pour sa gastronomie, comme en t\u00e9moigne l\u2019image de Rabelais et Gargantua qui se nourrissaient des produits de la bonne ch\u00e8re tourangelle. Riche en produits du terroir d\u2019une tr\u00e8s grande qualit\u00e9, elle satisfait tous les palais du sal\u00e9 au sucr\u00e9 ! Vous pourrez savourer la charcuterie, en particulier la rillette et les rillons, la g\u00e9line de Touraine, les fouaces, la truffe, le fromage de ch\u00e8vre dont le fameux Sainte-Maure\u2026 accompagn\u00e9s des vins AOC au caract\u00e8re affirm\u00e9 de la r\u00e9gion.<\/p><p><br \/>Notre h\u00f4tel de luxe au c\u0153ur de la Touraine vous permet de vivre pleinement votre s\u00e9jour qu\u2019il soit gastronomique, historique, culturel ou bien tous \u00e0 la fois, car le tourisme \u00e0 Amboise passe aussi par la nourriture !<\/p>\t\t\t\t\t\t\t\t<\/div>\n\t\t\t\t<\/div>\n\t\t\t\t<\/div>\n\t\t\t\t<\/div>\n\t\t<div class=\"elementor-element elementor-element-a1f695 e-con-full tourisme2_parent-content e-flex e-con e-child\" data-id=\"a1f695\" data-element_type=\"container\" data-e-type=\"container\">\n\t\t<div class=\"elementor-element elementor-element-126a29be e-con-full bloc-img2 e-flex e-con e-child\" data-id=\"126a29be\" data-element_type=\"container\" data-e-type=\"container\" data-settings=\"{&quot;background_background&quot;:&quot;classic&quot;}\">\n\t\t<div class=\"elementor-element elementor-element-53838a53 e-con-full border-bloc e-flex e-con e-child\" data-id=\"53838a53\" data-element_type=\"container\" data-e-type=\"container\">\n\t\t\t\t<\/div>\n\t\t\t\t<\/div>\n\t\t<div class=\"elementor-element elementor-element-88fe9a3 e-con-full e-flex e-con e-child\" data-id=\"88fe9a3\" data-element_type=\"container\" data-e-type=\"container\" data-settings=\"{&quot;background_background&quot;:&quot;classic&quot;}\">\n\t\t\t\t<div class=\"elementor-element elementor-element-6e57861f elementor-widget__width-initial elementor-widget elementor-widget-heading\" data-id=\"6e57861f\" data-element_type=\"widget\" data-e-type=\"widget\" data-widget_type=\"heading.default\">\n\t\t\t\t<div class=\"elementor-widget-container\">\n\t\t\t\t\t<h2 class=\"elementor-heading-title elementor-size-default\">Vins AOC<\/h2>\t\t\t\t<\/div>\n\t\t\t\t<\/div>\n\t\t\t\t<div class=\"elementor-element elementor-element-55c3b392 elementor-widget__width-initial elementor-widget-divider--view-line elementor-widget elementor-widget-divider\" data-id=\"55c3b392\" data-element_type=\"widget\" data-e-type=\"widget\" data-widget_type=\"divider.default\">\n\t\t\t\t<div class=\"elementor-widget-container\">\n\t\t\t\t\t\t\t<div class=\"elementor-divider\">\n\t\t\t<span class=\"elementor-divider-separator\">\n\t\t\t\t\t\t<\/span>\n\t\t<\/div>\n\t\t\t\t\t\t<\/div>\n\t\t\t\t<\/div>\n\t\t\t\t<div class=\"elementor-element elementor-element-6f94ebe3 elementor-widget__width-initial elementor-widget elementor-widget-text-editor\" data-id=\"6f94ebe3\" data-element_type=\"widget\" data-e-type=\"widget\" data-widget_type=\"text-editor.default\">\n\t\t\t\t<div class=\"elementor-widget-container\">\n\t\t\t\t\t\t\t\t\t<p>La l\u00e9gende dit que c\u2019est Saint-Martin qui a plant\u00e9 les premiers plans de vigne en Touraine au IVe si\u00e8cle ! Ils surplomberaient l\u2019abbaye de Marmoutier aux portes de Tours.<\/p><p><br \/>Aujourd\u2019hui, la route des vins de Touraine compte plus d\u2019une dizaine d\u2019AOC qu\u2019ils soient rouges, blancs ou ros\u00e9s. Vous pourrez d\u00e9guster et acheter dans les caves : Chinon, Touraine, Touraine-Amboise, Vouvray, Bourgueil, Montlouis-sur-Loire\u2026<\/p>\t\t\t\t\t\t\t\t<\/div>\n\t\t\t\t<\/div>\n\t\t\t\t<\/div>\n\t\t\t\t<\/div>\n\t\t<div class=\"elementor-element elementor-element-7fefb242 e-con-full tourisme2_parent-content e-flex e-con e-child\" data-id=\"7fefb242\" data-element_type=\"container\" data-e-type=\"container\">\n\t\t<div class=\"elementor-element elementor-element-d39e48a e-con-full bloc-img2 e-flex e-con e-child\" data-id=\"d39e48a\" data-element_type=\"container\" data-e-type=\"container\" data-settings=\"{&quot;background_background&quot;:&quot;classic&quot;}\">\n\t\t<div class=\"elementor-element elementor-element-5257abe2 e-con-full border-bloc e-flex e-con e-child\" data-id=\"5257abe2\" data-element_type=\"container\" data-e-type=\"container\">\n\t\t\t\t<\/div>\n\t\t\t\t<\/div>\n\t\t<div class=\"elementor-element elementor-element-74ac756e e-con-full e-flex e-con e-child\" data-id=\"74ac756e\" data-element_type=\"container\" data-e-type=\"container\" data-settings=\"{&quot;background_background&quot;:&quot;classic&quot;}\">\n\t\t\t\t<div class=\"elementor-element elementor-element-32eaa194 elementor-widget__width-initial elementor-widget elementor-widget-heading\" data-id=\"32eaa194\" data-element_type=\"widget\" data-e-type=\"widget\" data-widget_type=\"heading.default\">\n\t\t\t\t<div class=\"elementor-widget-container\">\n\t\t\t\t\t<h2 class=\"elementor-heading-title elementor-size-default\">Rillette et Rillons<\/h2>\t\t\t\t<\/div>\n\t\t\t\t<\/div>\n\t\t\t\t<div class=\"elementor-element elementor-element-59d62efb elementor-widget__width-initial elementor-widget-divider--view-line elementor-widget elementor-widget-divider\" data-id=\"59d62efb\" data-element_type=\"widget\" data-e-type=\"widget\" data-widget_type=\"divider.default\">\n\t\t\t\t<div class=\"elementor-widget-container\">\n\t\t\t\t\t\t\t<div class=\"elementor-divider\">\n\t\t\t<span class=\"elementor-divider-separator\">\n\t\t\t\t\t\t<\/span>\n\t\t<\/div>\n\t\t\t\t\t\t<\/div>\n\t\t\t\t<\/div>\n\t\t\t\t<div class=\"elementor-element elementor-element-364a75f9 elementor-widget__width-initial elementor-widget elementor-widget-text-editor\" data-id=\"364a75f9\" data-element_type=\"widget\" data-e-type=\"widget\" data-widget_type=\"text-editor.default\">\n\t\t\t\t<div class=\"elementor-widget-container\">\n\t\t\t\t\t\t\t\t\t<p>La rillette est n\u00e9e en Touraine au 15e si\u00e8cle. Au 19e, Honor\u00e9 de Balzac faisait l\u2019\u00e9loge de la charcuterie tourangelle et de ses sp\u00e9cialit\u00e9s. Il d\u00e9crivait les rillons \u00ab comme des restes de porcs frits, ressemblant \u00e0 une truffe cuite \u00bb.<\/p><p><br \/>Les rillettes sont des viandes cuites longuement dans la graisse qui sont ensuite \u00e9cras\u00e9es \u00e0 la main ou \u00e0 la fourchette. Les rillons sont des d\u00e9s de poitrines de porc entrelard\u00e9s, rissol\u00e9s et confits entiers dans leur graisse de cuisson.<\/p>\t\t\t\t\t\t\t\t<\/div>\n\t\t\t\t<\/div>\n\t\t\t\t<\/div>\n\t\t\t\t<\/div>\n\t\t<div class=\"elementor-element elementor-element-b86e97d e-con-full tourisme2_parent-content e-flex e-con e-child\" data-id=\"b86e97d\" data-element_type=\"container\" data-e-type=\"container\">\n\t\t<div class=\"elementor-element elementor-element-4a8969c e-con-full bloc-img2 e-flex e-con e-child\" data-id=\"4a8969c\" data-element_type=\"container\" data-e-type=\"container\" data-settings=\"{&quot;background_background&quot;:&quot;classic&quot;}\">\n\t\t<div class=\"elementor-element elementor-element-2f7a01b e-con-full border-bloc e-flex e-con e-child\" data-id=\"2f7a01b\" data-element_type=\"container\" data-e-type=\"container\">\n\t\t\t\t<\/div>\n\t\t\t\t<\/div>\n\t\t<div class=\"elementor-element elementor-element-5df6567 e-con-full e-flex e-con e-child\" data-id=\"5df6567\" data-element_type=\"container\" data-e-type=\"container\" data-settings=\"{&quot;background_background&quot;:&quot;classic&quot;}\">\n\t\t\t\t<div class=\"elementor-element elementor-element-09ef48f elementor-widget__width-initial elementor-widget elementor-widget-heading\" data-id=\"09ef48f\" data-element_type=\"widget\" data-e-type=\"widget\" data-widget_type=\"heading.default\">\n\t\t\t\t<div class=\"elementor-widget-container\">\n\t\t\t\t\t<h2 class=\"elementor-heading-title elementor-size-default\">Le Fromage<\/h2>\t\t\t\t<\/div>\n\t\t\t\t<\/div>\n\t\t\t\t<div class=\"elementor-element elementor-element-d65a150 elementor-widget__width-initial elementor-widget-divider--view-line elementor-widget elementor-widget-divider\" data-id=\"d65a150\" data-element_type=\"widget\" data-e-type=\"widget\" data-widget_type=\"divider.default\">\n\t\t\t\t<div class=\"elementor-widget-container\">\n\t\t\t\t\t\t\t<div class=\"elementor-divider\">\n\t\t\t<span class=\"elementor-divider-separator\">\n\t\t\t\t\t\t<\/span>\n\t\t<\/div>\n\t\t\t\t\t\t<\/div>\n\t\t\t\t<\/div>\n\t\t\t\t<div class=\"elementor-element elementor-element-d8a1300 elementor-widget__width-initial elementor-widget elementor-widget-text-editor\" data-id=\"d8a1300\" data-element_type=\"widget\" data-e-type=\"widget\" data-widget_type=\"text-editor.default\">\n\t\t\t\t<div class=\"elementor-widget-container\">\n\t\t\t\t\t\t\t\t\t<p>Le Sainte-Maure est le produit phare de la Touraine. Ce fromage de ch\u00e8vre au lait cru est une v\u00e9ritable institution. En forme de b\u00fbche allong\u00e9e et travers\u00e9 d\u2019une paille de seigle en son milieu, il peut se consommer frais comme plus affin\u00e9 selon les go\u00fbts de chacun.<\/p><p>\u00a0<\/p><p>AOC depuis 1990, sa production se limite au sud du d\u00e9partement d\u2019Indre-et-Loire et autour du village dont il a pris le nom: Sainte-Maure-de-Touraine.<\/p>\t\t\t\t\t\t\t\t<\/div>\n\t\t\t\t<\/div>\n\t\t\t\t<\/div>\n\t\t\t\t<\/div>\n\t\t\t\t\t<\/div>\n\t\t\t\t<\/div>\n\t\t<div class=\"elementor-element elementor-element-4c6b752b e-con-full e-flex e-con e-parent\" data-id=\"4c6b752b\" data-element_type=\"container\" data-e-type=\"container\" data-settings=\"{&quot;sticky&quot;:&quot;bottom&quot;,&quot;sticky_on&quot;:[&quot;desktop&quot;],&quot;sticky_offset&quot;:40,&quot;sticky_effects_offset&quot;:0,&quot;sticky_anchor_link_offset&quot;:0}\">\n\t\t\t\t<div class=\"elementor-element elementor-element-973077a elementor-align-left elementor-widget__width-initial elementor-widget elementor-widget-button\" data-id=\"973077a\" data-element_type=\"widget\" data-e-type=\"widget\" data-widget_type=\"button.default\">\n\t\t\t\t<div class=\"elementor-widget-container\">\n\t\t\t\t\t\t\t\t\t<div class=\"elementor-button-wrapper\">\n\t\t\t\t\t<a class=\"elementor-button elementor-button-link elementor-size-sm\" href=\"https:\/\/www.manoir-saint-thomas.com\/eng\/tourisme-val-de-loire-tourisme\/les-parcs-jardin\/\">\n\t\t\t\t\t\t<span class=\"elementor-button-content-wrapper\">\n\t\t\t\t\t\t<span class=\"elementor-button-icon\">\n\t\t\t\t<i aria-hidden=\"true\" class=\"fas fa-chevron-left\"><\/i>\t\t\t<\/span>\n\t\t\t\t\t\t\t\t\t<span class=\"elementor-button-text\">Parcs &amp; jardins<\/span>\n\t\t\t\t\t<\/span>\n\t\t\t\t\t<\/a>\n\t\t\t\t<\/div>\n\t\t\t\t\t\t\t\t<\/div>\n\t\t\t\t<\/div>\n\t\t\t\t<div class=\"elementor-element elementor-element-e2aaefc elementor-align-right elementor-widget__width-initial elementor-widget elementor-widget-button\" data-id=\"e2aaefc\" data-element_type=\"widget\" data-e-type=\"widget\" data-widget_type=\"button.default\">\n\t\t\t\t<div class=\"elementor-widget-container\">\n\t\t\t\t\t\t\t\t\t<div class=\"elementor-button-wrapper\">\n\t\t\t\t\t<a class=\"elementor-button elementor-button-link elementor-size-sm\" href=\"https:\/\/www.manoir-saint-thomas.com\/eng\/tourisme-val-de-loire-tourisme\/les-loisirs-amboise-activites-a-decouvrir\/\">\n\t\t\t\t\t\t<span class=\"elementor-button-content-wrapper\">\n\t\t\t\t\t\t<span class=\"elementor-button-icon\">\n\t\t\t\t<i aria-hidden=\"true\" class=\"fas fa-chevron-right\"><\/i>\t\t\t<\/span>\n\t\t\t\t\t\t\t\t\t<span class=\"elementor-button-text\">Loisirs<\/span>\n\t\t\t\t\t<\/span>\n\t\t\t\t\t<\/a>\n\t\t\t\t<\/div>\n\t\t\t\t\t\t\t\t<\/div>\n\t\t\t\t<\/div>\n\t\t\t\t<\/div>\n\t\t\t\t<\/div>\n\t\t","protected":false},"excerpt":{"rendered":"<p>Le Terroir Le go\u00fbt du terroir Synonyme d\u2019art de vivre, la Touraine est aussi r\u00e9put\u00e9e pour sa gastronomie, comme en t\u00e9moigne l\u2019image de Rabelais et Gargantua qui se nourrissaient des produits de la bonne ch\u00e8re tourangelle. Riche en produits du terroir d\u2019une tr\u00e8s grande qualit\u00e9, elle satisfait tous les palais du sal\u00e9 au sucr\u00e9 ! [&hellip;]<\/p>\n","protected":false},"author":13,"featured_media":0,"parent":69,"menu_order":0,"comment_status":"closed","ping_status":"closed","template":"","meta":{"inline_featured_image":false,"footnotes":""},"class_list":["post-1642","page","type-page","status-publish","hentry"],"_links":{"self":[{"href":"https:\/\/www.manoir-saint-thomas.com\/eng\/wp-json\/wp\/v2\/pages\/1642","targetHints":{"allow":["GET"]}}],"collection":[{"href":"https:\/\/www.manoir-saint-thomas.com\/eng\/wp-json\/wp\/v2\/pages"}],"about":[{"href":"https:\/\/www.manoir-saint-thomas.com\/eng\/wp-json\/wp\/v2\/types\/page"}],"author":[{"embeddable":true,"href":"https:\/\/www.manoir-saint-thomas.com\/eng\/wp-json\/wp\/v2\/users\/13"}],"replies":[{"embeddable":true,"href":"https:\/\/www.manoir-saint-thomas.com\/eng\/wp-json\/wp\/v2\/comments?post=1642"}],"version-history":[{"count":40,"href":"https:\/\/www.manoir-saint-thomas.com\/eng\/wp-json\/wp\/v2\/pages\/1642\/revisions"}],"predecessor-version":[{"id":3087,"href":"https:\/\/www.manoir-saint-thomas.com\/eng\/wp-json\/wp\/v2\/pages\/1642\/revisions\/3087"}],"up":[{"embeddable":true,"href":"https:\/\/www.manoir-saint-thomas.com\/eng\/wp-json\/wp\/v2\/pages\/69"}],"wp:attachment":[{"href":"https:\/\/www.manoir-saint-thomas.com\/eng\/wp-json\/wp\/v2\/media?parent=1642"}],"curies":[{"name":"wp","href":"https:\/\/api.w.org\/{rel}","templated":true}]}}