{"id":1636,"date":"2023-10-23T09:38:13","date_gmt":"2023-10-23T07:38:13","guid":{"rendered":"https:\/\/www.manoir-saint-thomas.com\/?page_id=1636"},"modified":"2023-11-08T15:54:19","modified_gmt":"2023-11-08T14:54:19","slug":"amboise-visit-amboise","status":"publish","type":"page","link":"https:\/\/www.manoir-saint-thomas.com\/eng\/tourisme-val-de-loire-tourisme\/amboise-visiter-amboise\/","title":{"rendered":"Amboise"},"content":{"rendered":"\t\t<div data-elementor-type=\"wp-page\" data-elementor-id=\"1636\" class=\"elementor elementor-1636\" data-elementor-post-type=\"page\">\n\t\t\t\t<div class=\"elementor-element elementor-element-501319cd e-con-full e-flex e-con e-parent\" data-id=\"501319cd\" data-element_type=\"container\" data-e-type=\"container\" data-settings=\"{&quot;background_background&quot;:&quot;classic&quot;}\">\n\t\t\t\t<div class=\"elementor-element elementor-element-14ccac00 elementor-widget elementor-widget-heading\" data-id=\"14ccac00\" data-element_type=\"widget\" data-e-type=\"widget\" data-widget_type=\"heading.default\">\n\t\t\t\t<div class=\"elementor-widget-container\">\n\t\t\t\t\t<h1 class=\"elementor-heading-title elementor-size-default\">Amboise<\/h1>\t\t\t\t<\/div>\n\t\t\t\t<\/div>\n\t\t\t\t<div class=\"elementor-element elementor-element-53ceb202 elementor-hidden-tablet elementor-hidden-mobile elementor-widget elementor-widget-image\" data-id=\"53ceb202\" data-element_type=\"widget\" data-e-type=\"widget\" data-widget_type=\"image.default\">\n\t\t\t\t<div class=\"elementor-widget-container\">\n\t\t\t\t\t\t\t\t\t\t\t\t\t\t\t\t<a href=\"#amboise-top\">\n\t\t\t\t\t\t\t<img decoding=\"async\" width=\"38\" height=\"38\" src=\"https:\/\/www.manoir-saint-thomas.com\/wp-content\/uploads\/2023\/10\/Fleche-down.svg\" class=\"attachment-full size-full wp-image-1863\" alt=\"\" title=\"\">\t\t\t\t\t\t\t\t<\/a>\n\t\t\t\t\t\t\t\t\t\t\t\t\t\t\t<\/div>\n\t\t\t\t<\/div>\n\t\t\t\t<\/div>\n\t\t<div class=\"elementor-element elementor-element-7ca61b2 e-flex e-con-boxed e-con e-parent\" data-id=\"7ca61b2\" data-element_type=\"container\" data-e-type=\"container\">\n\t\t\t\t\t<div class=\"e-con-inner\">\n\t\t\t\t<div class=\"elementor-element elementor-element-9e56852 elementor-widget elementor-widget-menu-anchor\" data-id=\"9e56852\" data-element_type=\"widget\" data-e-type=\"widget\" data-widget_type=\"menu-anchor.default\">\n\t\t\t\t<div class=\"elementor-widget-container\">\n\t\t\t\t\t\t\t<div class=\"elementor-menu-anchor\" id=\"amboise-top\"><\/div>\n\t\t\t\t\t\t<\/div>\n\t\t\t\t<\/div>\n\t\t\t\t\t<\/div>\n\t\t\t\t<\/div>\n\t\t<div class=\"elementor-element elementor-element-66c6fdb4 hidden-bloc e-flex e-con-boxed e-con e-parent\" data-id=\"66c6fdb4\" data-element_type=\"container\" data-e-type=\"container\" data-settings=\"{&quot;background_background&quot;:&quot;classic&quot;}\">\n\t\t\t\t\t<div class=\"e-con-inner\">\n\t\t\t\t<div class=\"elementor-element elementor-element-544a6b1a e-transform elementor-widget elementor-widget-image\" data-id=\"544a6b1a\" data-element_type=\"widget\" data-e-type=\"widget\" data-settings=\"{&quot;_transform_translateX_effect&quot;:{&quot;unit&quot;:&quot;%&quot;,&quot;size&quot;:&quot;&quot;,&quot;sizes&quot;:[]},&quot;_transform_translateX_effect_tablet&quot;:{&quot;unit&quot;:&quot;%&quot;,&quot;size&quot;:&quot;&quot;,&quot;sizes&quot;:[]},&quot;_transform_translateX_effect_mobile&quot;:{&quot;unit&quot;:&quot;%&quot;,&quot;size&quot;:&quot;&quot;,&quot;sizes&quot;:[]},&quot;_transform_translateY_effect&quot;:{&quot;unit&quot;:&quot;%&quot;,&quot;size&quot;:-50,&quot;sizes&quot;:[]},&quot;_transform_translateY_effect_tablet&quot;:{&quot;unit&quot;:&quot;%&quot;,&quot;size&quot;:&quot;&quot;,&quot;sizes&quot;:[]},&quot;_transform_translateY_effect_mobile&quot;:{&quot;unit&quot;:&quot;%&quot;,&quot;size&quot;:&quot;&quot;,&quot;sizes&quot;:[]}}\" data-widget_type=\"image.default\">\n\t\t\t\t<div class=\"elementor-widget-container\">\n\t\t\t\t\t\t\t\t\t\t\t\t\t\t\t<img decoding=\"async\" width=\"222\" height=\"222\" src=\"https:\/\/www.manoir-saint-thomas.com\/wp-content\/uploads\/2023\/09\/Groupe-572.svg\" class=\"attachment-full size-full wp-image-181\" alt=\"\" title=\"\">\t\t\t\t\t\t\t\t\t\t\t\t\t\t\t<\/div>\n\t\t\t\t<\/div>\n\t\t<div class=\"elementor-element elementor-element-68573be5 e-con-full tourisme2_parent-content e-flex e-con e-child\" data-id=\"68573be5\" data-element_type=\"container\" data-e-type=\"container\">\n\t\t<div class=\"elementor-element elementor-element-2fffb357 e-con-full bloc-img e-flex e-con e-child\" data-id=\"2fffb357\" data-element_type=\"container\" data-e-type=\"container\" data-settings=\"{&quot;background_background&quot;:&quot;classic&quot;}\">\n\t\t<div class=\"elementor-element elementor-element-1463302 e-con-full border-bloc e-flex e-con e-child\" data-id=\"1463302\" data-element_type=\"container\" data-e-type=\"container\">\n\t\t\t\t<\/div>\n\t\t\t\t<\/div>\n\t\t<div class=\"elementor-element elementor-element-dc5be9 e-con-full bloc-content e-flex e-con e-child\" data-id=\"dc5be9\" data-element_type=\"container\" data-e-type=\"container\" data-settings=\"{&quot;background_background&quot;:&quot;classic&quot;}\">\n\t\t\t\t<div class=\"elementor-element elementor-element-6b8d624f elementor-widget__width-inherit elementor-widget elementor-widget-heading\" data-id=\"6b8d624f\" data-element_type=\"widget\" data-e-type=\"widget\" data-widget_type=\"heading.default\">\n\t\t\t\t<div class=\"elementor-widget-container\">\n\t\t\t\t\t<h2 class=\"elementor-heading-title elementor-size-default\">Amboise, ville royale<\/h2>\t\t\t\t<\/div>\n\t\t\t\t<\/div>\n\t\t\t\t<div class=\"elementor-element elementor-element-6ae70f40 elementor-widget__width-initial elementor-widget-divider--view-line elementor-widget elementor-widget-divider\" data-id=\"6ae70f40\" data-element_type=\"widget\" data-e-type=\"widget\" data-widget_type=\"divider.default\">\n\t\t\t\t<div class=\"elementor-widget-container\">\n\t\t\t\t\t\t\t<div class=\"elementor-divider\">\n\t\t\t<span class=\"elementor-divider-separator\">\n\t\t\t\t\t\t<\/span>\n\t\t<\/div>\n\t\t\t\t\t\t<\/div>\n\t\t\t\t<\/div>\n\t\t\t\t<div class=\"elementor-element elementor-element-160d3135 elementor-widget__width-initial elementor-widget elementor-widget-text-editor\" data-id=\"160d3135\" data-element_type=\"widget\" data-e-type=\"widget\" data-widget_type=\"text-editor.default\">\n\t\t\t\t<div class=\"elementor-widget-container\">\n\t\t\t\t\t\t\t\t\t<p>Amboise, \u00ab Ambacia \u00bb en latin, signifie \u00ab entre deux eaux \u00bb. Le nom de la ville fait r\u00e9f\u00e9rence \u00e0 sa situation entre la Loire et l\u2019Amasse. Son emplacement strat\u00e9gique fit d\u2019Amboise une ville royale avec les rois de France Charles VII, Louis XI, Charles VIII, grand b\u00e2tisseur d\u2019Amboise et Fran\u00e7ois Ier. Notre h\u00f4tel vous invite \u00e0 visiter Amboise \u00e0 pied. La \u00ab Ville aux mille merveilles \u00bb abrite des chefs d\u2019\u0153uvre d\u2019architecture comme le Ch\u00e2teau Royal, le Ch\u00e2teau du Clos Luc\u00e9 ou encore la c\u00e9l\u00e8bre Pagode de Chanteloup haute de 44 m et d\u2019inspiration chinoise.<\/p><p>\u00a0<\/p><p>Vous pourrez aussi visiter Amboise depuis le long de la Loire et fl\u00e2ner dans l\u2019espace pi\u00e9tonnier de la ville pour d\u00e9couvrir des maisons troglodytes, caract\u00e9ristiques du Val de Loire, qui servaient autrefois de carri\u00e8res de tuffeau.<\/p>\t\t\t\t\t\t\t\t<\/div>\n\t\t\t\t<\/div>\n\t\t\t\t<\/div>\n\t\t\t\t<\/div>\n\t\t<div class=\"elementor-element elementor-element-2b4e0dae e-con-full tourisme2_parent-content e-flex e-con e-child\" data-id=\"2b4e0dae\" data-element_type=\"container\" data-e-type=\"container\">\n\t\t<div class=\"elementor-element elementor-element-227efb1 e-con-full bloc-img2 e-flex e-con e-child\" data-id=\"227efb1\" data-element_type=\"container\" data-e-type=\"container\" data-settings=\"{&quot;background_background&quot;:&quot;classic&quot;}\">\n\t\t<div class=\"elementor-element elementor-element-47172d4f e-con-full border-bloc e-flex e-con e-child\" data-id=\"47172d4f\" data-element_type=\"container\" data-e-type=\"container\">\n\t\t\t\t<\/div>\n\t\t\t\t<\/div>\n\t\t<div class=\"elementor-element elementor-element-33508c0f e-con-full e-flex e-con e-child\" data-id=\"33508c0f\" data-element_type=\"container\" data-e-type=\"container\" data-settings=\"{&quot;background_background&quot;:&quot;classic&quot;}\">\n\t\t\t\t<div class=\"elementor-element elementor-element-d81a92e elementor-widget__width-initial elementor-widget elementor-widget-heading\" data-id=\"d81a92e\" data-element_type=\"widget\" data-e-type=\"widget\" data-widget_type=\"heading.default\">\n\t\t\t\t<div class=\"elementor-widget-container\">\n\t\t\t\t\t<h2 class=\"elementor-heading-title elementor-size-default\">Le Ch\u00e2teau d'Amboise <\/h2>\t\t\t\t<\/div>\n\t\t\t\t<\/div>\n\t\t\t\t<div class=\"elementor-element elementor-element-3216d1d5 elementor-widget__width-initial elementor-widget-divider--view-line elementor-widget elementor-widget-divider\" data-id=\"3216d1d5\" data-element_type=\"widget\" data-e-type=\"widget\" data-widget_type=\"divider.default\">\n\t\t\t\t<div class=\"elementor-widget-container\">\n\t\t\t\t\t\t\t<div class=\"elementor-divider\">\n\t\t\t<span class=\"elementor-divider-separator\">\n\t\t\t\t\t\t<\/span>\n\t\t<\/div>\n\t\t\t\t\t\t<\/div>\n\t\t\t\t<\/div>\n\t\t\t\t<div class=\"elementor-element elementor-element-21f00f68 elementor-widget__width-initial elementor-widget elementor-widget-text-editor\" data-id=\"21f00f68\" data-element_type=\"widget\" data-e-type=\"widget\" data-widget_type=\"text-editor.default\">\n\t\t\t\t<div class=\"elementor-widget-container\">\n\t\t\t\t\t\t\t\t\t<p>A 3 minutes \u00e0 pied de l&rsquo;h\u00f4tel, le ch\u00e2teau d\u2019Amboise offre une vue majestueuse sur la vall\u00e9e verdoyante. Apr\u00e8s avoir franchi la porte, une longue rampe d\u2019acc\u00e8s d\u00e9bouche sur la vaste terrasse qui domine la Loire. Le ch\u00e2teau actuel a \u00e9t\u00e9 b\u00e2ti entre les XIVe et XVIe si\u00e8cles sur les ordres de Charles VIII, Louis VII et Fran\u00e7ois 1er.<\/p><p>\u00a0<\/p><p>Vous pourrez visiter la chapelle Saint-Hubert avec la tombe de L\u00e9onard de Vinci, la Tour des Minimes que les attelages et les cavaliers pouvaient gravir, et les jardins paysagers peupl\u00e9s de cypr\u00e8s, lauriers nobles, charmes et boules de buis.<\/p>\t\t\t\t\t\t\t\t<\/div>\n\t\t\t\t<\/div>\n\t\t\t\t<\/div>\n\t\t\t\t<\/div>\n\t\t<div class=\"elementor-element elementor-element-f9850c2 e-con-full tourisme2_parent-content e-flex e-con e-child\" data-id=\"f9850c2\" data-element_type=\"container\" data-e-type=\"container\">\n\t\t<div class=\"elementor-element elementor-element-711697b8 e-con-full bloc-img2 e-flex e-con e-child\" data-id=\"711697b8\" data-element_type=\"container\" data-e-type=\"container\" data-settings=\"{&quot;background_background&quot;:&quot;classic&quot;}\">\n\t\t<div class=\"elementor-element elementor-element-1eee1b8 e-con-full border-bloc e-flex e-con e-child\" data-id=\"1eee1b8\" data-element_type=\"container\" data-e-type=\"container\">\n\t\t\t\t<\/div>\n\t\t\t\t<\/div>\n\t\t<div class=\"elementor-element elementor-element-33fa572f e-con-full e-flex e-con e-child\" data-id=\"33fa572f\" data-element_type=\"container\" data-e-type=\"container\" data-settings=\"{&quot;background_background&quot;:&quot;classic&quot;}\">\n\t\t\t\t<div class=\"elementor-element elementor-element-1a550ea5 elementor-widget__width-initial elementor-widget elementor-widget-heading\" data-id=\"1a550ea5\" data-element_type=\"widget\" data-e-type=\"widget\" data-widget_type=\"heading.default\">\n\t\t\t\t<div class=\"elementor-widget-container\">\n\t\t\t\t\t<h2 class=\"elementor-heading-title elementor-size-default\">Le Ch\u00e2teau du Clos Luc\u00e9<\/h2>\t\t\t\t<\/div>\n\t\t\t\t<\/div>\n\t\t\t\t<div class=\"elementor-element elementor-element-20037cd4 elementor-widget__width-initial elementor-widget-divider--view-line elementor-widget elementor-widget-divider\" data-id=\"20037cd4\" data-element_type=\"widget\" data-e-type=\"widget\" data-widget_type=\"divider.default\">\n\t\t\t\t<div class=\"elementor-widget-container\">\n\t\t\t\t\t\t\t<div class=\"elementor-divider\">\n\t\t\t<span class=\"elementor-divider-separator\">\n\t\t\t\t\t\t<\/span>\n\t\t<\/div>\n\t\t\t\t\t\t<\/div>\n\t\t\t\t<\/div>\n\t\t\t\t<div class=\"elementor-element elementor-element-26f8dce elementor-widget__width-initial elementor-widget elementor-widget-text-editor\" data-id=\"26f8dce\" data-element_type=\"widget\" data-e-type=\"widget\" data-widget_type=\"text-editor.default\">\n\t\t\t\t<div class=\"elementor-widget-container\">\n\t\t\t\t\t\t\t\t\t<p>A 5 min \u00e0 pied seulement de l&rsquo;h\u00f4tel, le Ch\u00e2teau du Clos Luc\u00e9, l\u2019ultime demeure de L\u00e9onard de Vinci, garde l\u2019esprit du Ma\u00eetre.<\/p><p>\u00a0<\/p><p>De la construction m\u00e9di\u00e9vale b\u00e2tie sous Louis XI, seul a subsist\u00e9 le corps de logis, ravissant \u00e9difice de brique rose soulign\u00e9 de tuffeau que vous pouvez visiter. Invit\u00e9 en 1516 par Fran\u00e7ois 1er, L\u00e9onard de Vinci franchit les Alpes \u00e0 dos de mulet avec trois de ses plus remarquables \u0153uvres : la Joconde, Sainte Anne la Vierge et l\u2019Enfant et le Saint Jean Baptiste, qu\u2019il terminera au Clos Luc\u00e9. Nomm\u00e9 \u00ab premier peintre, ing\u00e9nieur et architecte du Roi \u00bb, il mourra \u00e0 Amboise en 1519.<\/p>\t\t\t\t\t\t\t\t<\/div>\n\t\t\t\t<\/div>\n\t\t\t\t<\/div>\n\t\t\t\t<\/div>\n\t\t\t\t\t<\/div>\n\t\t\t\t<\/div>\n\t\t<div class=\"elementor-element elementor-element-48e517f6 e-con-full e-flex e-con e-parent\" data-id=\"48e517f6\" data-element_type=\"container\" data-e-type=\"container\" data-settings=\"{&quot;background_background&quot;:&quot;classic&quot;,&quot;sticky&quot;:&quot;bottom&quot;,&quot;sticky_on&quot;:[&quot;desktop&quot;],&quot;sticky_offset&quot;:40,&quot;sticky_effects_offset&quot;:0,&quot;sticky_anchor_link_offset&quot;:0}\">\n\t\t\t\t<div class=\"elementor-element elementor-element-2edb46af elementor-widget__width-initial elementor-widget elementor-widget-button\" data-id=\"2edb46af\" data-element_type=\"widget\" data-e-type=\"widget\" data-widget_type=\"button.default\">\n\t\t\t\t<div class=\"elementor-widget-container\">\n\t\t\t\t\t\t\t\t\t<div class=\"elementor-button-wrapper\">\n\t\t\t\t\t<a class=\"elementor-button elementor-button-link elementor-size-sm\" href=\"https:\/\/www.manoir-saint-thomas.com\/eng\/tourisme-val-de-loire-tourisme\/les-loisirs-amboise-activites-a-decouvrir\/\">\n\t\t\t\t\t\t<span class=\"elementor-button-content-wrapper\">\n\t\t\t\t\t\t<span class=\"elementor-button-icon\">\n\t\t\t\t<i aria-hidden=\"true\" class=\"fas fa-chevron-left\"><\/i>\t\t\t<\/span>\n\t\t\t\t\t\t\t\t\t<span class=\"elementor-button-text\">Loisirs<\/span>\n\t\t\t\t\t<\/span>\n\t\t\t\t\t<\/a>\n\t\t\t\t<\/div>\n\t\t\t\t\t\t\t\t<\/div>\n\t\t\t\t<\/div>\n\t\t\t\t<div class=\"elementor-element elementor-element-1bfcbc3f elementor-align-right elementor-widget__width-initial elementor-widget elementor-widget-button\" data-id=\"1bfcbc3f\" data-element_type=\"widget\" data-e-type=\"widget\" data-widget_type=\"button.default\">\n\t\t\t\t<div class=\"elementor-widget-container\">\n\t\t\t\t\t\t\t\t\t<div class=\"elementor-button-wrapper\">\n\t\t\t\t\t<a class=\"elementor-button elementor-button-link elementor-size-sm\" href=\"https:\/\/www.manoir-saint-thomas.com\/eng\/tourisme-val-de-loire-tourisme\/tours-et-blois-visiter-tours-et-alentours\/\">\n\t\t\t\t\t\t<span class=\"elementor-button-content-wrapper\">\n\t\t\t\t\t\t<span class=\"elementor-button-icon\">\n\t\t\t\t<i aria-hidden=\"true\" class=\"fas fa-chevron-right\"><\/i>\t\t\t<\/span>\n\t\t\t\t\t\t\t\t\t<span class=\"elementor-button-text\">Tours<\/span>\n\t\t\t\t\t<\/span>\n\t\t\t\t\t<\/a>\n\t\t\t\t<\/div>\n\t\t\t\t\t\t\t\t<\/div>\n\t\t\t\t<\/div>\n\t\t\t\t<\/div>\n\t\t\t\t<\/div>\n\t\t","protected":false},"excerpt":{"rendered":"<p>Amboise Amboise, ville royale Amboise, \u00ab Ambacia \u00bb en latin, signifie \u00ab entre deux eaux \u00bb. Le nom de la ville fait r\u00e9f\u00e9rence \u00e0 sa situation entre la Loire et l\u2019Amasse. Son emplacement strat\u00e9gique fit d\u2019Amboise une ville royale avec les rois de France Charles VII, Louis XI, Charles VIII, grand b\u00e2tisseur d\u2019Amboise et Fran\u00e7ois [&hellip;]<\/p>\n","protected":false},"author":13,"featured_media":0,"parent":69,"menu_order":0,"comment_status":"closed","ping_status":"closed","template":"","meta":{"inline_featured_image":false,"footnotes":""},"class_list":["post-1636","page","type-page","status-publish","hentry"],"_links":{"self":[{"href":"https:\/\/www.manoir-saint-thomas.com\/eng\/wp-json\/wp\/v2\/pages\/1636","targetHints":{"allow":["GET"]}}],"collection":[{"href":"https:\/\/www.manoir-saint-thomas.com\/eng\/wp-json\/wp\/v2\/pages"}],"about":[{"href":"https:\/\/www.manoir-saint-thomas.com\/eng\/wp-json\/wp\/v2\/types\/page"}],"author":[{"embeddable":true,"href":"https:\/\/www.manoir-saint-thomas.com\/eng\/wp-json\/wp\/v2\/users\/13"}],"replies":[{"embeddable":true,"href":"https:\/\/www.manoir-saint-thomas.com\/eng\/wp-json\/wp\/v2\/comments?post=1636"}],"version-history":[{"count":61,"href":"https:\/\/www.manoir-saint-thomas.com\/eng\/wp-json\/wp\/v2\/pages\/1636\/revisions"}],"predecessor-version":[{"id":3054,"href":"https:\/\/www.manoir-saint-thomas.com\/eng\/wp-json\/wp\/v2\/pages\/1636\/revisions\/3054"}],"up":[{"embeddable":true,"href":"https:\/\/www.manoir-saint-thomas.com\/eng\/wp-json\/wp\/v2\/pages\/69"}],"wp:attachment":[{"href":"https:\/\/www.manoir-saint-thomas.com\/eng\/wp-json\/wp\/v2\/media?parent=1636"}],"curies":[{"name":"wp","href":"https:\/\/api.w.org\/{rel}","templated":true}]}}